{"id":11,"date":"2017-08-02T22:07:35","date_gmt":"2017-08-02T22:07:35","guid":{"rendered":"http:\/\/freddyortizmagallanes.com\/ebooks\/?page_id=11"},"modified":"2018-02-10T16:51:57","modified_gmt":"2018-02-10T16:51:57","slug":"sanate","status":"publish","type":"page","link":"https:\/\/freddyortizmagallanes.com\/ebooks\/sanate\/","title":{"rendered":"Sanate (3)"},"content":{"rendered":"<div id=\"pbuilder_wrapper\">\n<div id=\"pbuilder_content_wrapper\">\n<div id=\"pbuilder_content\">\n<div class=\"pbuilder_row pbuilder_row_id_0\" style=\"border: none;\" data-rowtype=\"0\" data-rowid=\"0\">\n<div class=\"pbuilder_row_colwrapper\" style=\"padding: 36px 0px 46px 0px;\">\n<div class=\"pbuilder_column pbuilder_column-1-1\" data-colnumber=\"0\">\n<div class=\"pbuilder_column_background\" style=\"border: none;\"><\/div>\n<div class=\" pbuilder_column_inner pbuilder_droppable\">\n<div class=\"pbuilder_module\" data-shortcode=\"text\" data-modid=\"4\">\n<style type=\"text\/css\" scoped=\"scoped\">\n    #frb_text_236105550, #frb_text_236105550 *{letter-spacing:0px;}<br \/>\n    #frb_text_236105550 a{color: #3498db;}<br \/>\n    #frb_text_236105550 a:hover{color: #444444;}<\/style>\n<style type=\"text\/css\" scoped=\"scoped\">#frb_text_236105550.frb_onScreen.frb_animated {-webkit-animation-duration: 1000ms; animation-duration: 1000ms;}#frb_text_236105550.frb_onScreen.frb_hinge {-webkit-animation-duration: 2000ms; animation-duration: 2000ms;}<\/style>\n<div id=\"frb_text_236105550\" class=\"\" style=\"margin: 0px 0px 0px 0px; padding: 0px 0px 0px 0px; border: none; text-align: center; font-size: 64px; line-height: 64px;\">\n<div class=\"frb_text\" style=\"color: #3498db;\"><strong>Guia Gratis&#8230;S\u00e1nate a Ti Mismo<\/strong><\/div>\n<\/div>\n<\/div>\n<\/div>\n<\/div>\n<div style=\"clear: both;\"><\/div>\n<\/div>\n<\/div>\n<style><\/style>\n<div class=\"pbuilder_row pbuilder_row_id_1\" style=\"border: none;\" data-rowtype=\"3\" data-rowid=\"1\">\n<div class=\"pbuilder_row_colwrapper\" style=\"padding: 0px 0px 0px 0px;\">\n<div class=\"pbuilder_column pbuilder_column-1-3\" data-colnumber=\"0\">\n<div class=\"pbuilder_column_background\" style=\"border: none;\"><\/div>\n<div class=\" pbuilder_column_inner pbuilder_droppable\">\n<div class=\"pbuilder_module\" data-shortcode=\"image\" data-modid=\"10\">\n<style type=\"text\/css\" scoped=\"scoped\">#frb_image_1284188616.frb_onScreen.frb_animated {-webkit-animation-duration: 1000ms; animation-duration: 1000ms;}#frb_image_1284188616.frb_onScreen.frb_hinge {-webkit-animation-duration: 2000ms; animation-duration: 2000ms;}<\/style>\n<style type=\"text\/css\" scoped=\"scoped\">#frb_image_1284188616 .frb_image_hover {background:#ffffff;}<\/style>\n<div id=\"frb_image_1284188616\" class=\"\">\n<div class=\"frb_image\">\n<p>&nbsp;<\/p>\n<div><span class=\"frb_image_inner frb_image_border \" data-bordercolor=\"#111111\" data-borderhover=\"#82b440\"><br \/>\n<img decoding=\"async\" id=\"\" class=\" frb_image_flat\" style=\"margin: 0px 0px 0px 0px; padding: 0px 0px 0px 0px; border: none; box-sizing: border-box; margin-left: auto; margin-right: auto;\" title=\"s\u00e1nate\" src=\"http:\/\/freddyortizmagallanes.com\/ebooks\/wp-content\/uploads\/2017\/08\/thickpaperbackfront_604x964-6.png\" alt=\"sanate\" \/><br \/>\n<span id=\"_hover\" class=\" frb_image_hover\" data-transparency=\"1\"><\/span><i class=\"frb_icon ba ba-search\" style=\"line-height: 0px; font-size: 0px; height: 0px; width: 0px; margin: 0px;\"><\/i><\/span><\/div>\n<p>&nbsp;<\/p>\n<\/div>\n<\/div>\n<style><\/style>\n<\/div>\n<div class=\"pbuilder_module\" data-shortcode=\"image\" data-modid=\"13\">\n<style type=\"text\/css\" scoped=\"scoped\">#frb_image_723670132.frb_onScreen.frb_animated {-webkit-animation-duration: 1000ms; animation-duration: 1000ms;}#frb_image_723670132.frb_onScreen.frb_hinge {-webkit-animation-duration: 2000ms; animation-duration: 2000ms;}<\/style>\n<style type=\"text\/css\" scoped=\"scoped\">#frb_image_723670132 .frb_image_hover {background:#ffffff;}<\/style>\n<div id=\"frb_image_723670132\" class=\"\">\n<div class=\"frb_image\">\n<p>&nbsp;<\/p>\n<div><span class=\"frb_image_inner\" data-bordercolor=\"#111111\" data-borderhover=\"#82b440\"><br \/>\n<img decoding=\"async\" id=\"\" class=\" frb_image_flat\" style=\"margin: 0px 0px 0px 0px; padding: 0px 0px 0px 0px; border: none; box-sizing: border-box; margin-left: auto; margin-right: auto;\" title=\"\" src=\"http:\/\/wpprofitbuilder.com\/templates\/wp-content\/uploads\/2014\/08\/download-count.jpg\" alt=\"\" \/><br \/>\n<span id=\"_hover\" class=\" frb_image_hover\" data-transparency=\"1\"><\/span><i class=\"frb_icon ba ba-search\" style=\"line-height: 0px; font-size: 0px; height: 0px; width: 0px; margin: 0px;\"><\/i><\/span><\/div>\n<p>&nbsp;<\/p>\n<\/div>\n<\/div>\n<style><\/style>\n<\/div>\n<\/div>\n<\/div>\n<div class=\"pbuilder_column pbuilder_column-2-3\" data-colnumber=\"1\">\n<div class=\"pbuilder_column_background\" style=\"border: none;\"><\/div>\n<div class=\" pbuilder_column_inner pbuilder_droppable\">\n<div class=\"pbuilder_module\" data-shortcode=\"text\" data-modid=\"2\">\n<style type=\"text\/css\" scoped=\"scoped\">\n    #frb_text_646860641, #frb_text_646860641 *{letter-spacing:0px;}<br \/>\n    #frb_text_646860641 a{color: #444444;}<br \/>\n    #frb_text_646860641 a:hover{color: #444444;}<\/style>\n<style type=\"text\/css\" scoped=\"scoped\">#frb_text_646860641.frb_onScreen.frb_animated {-webkit-animation-duration: 1000ms; animation-duration: 1000ms;}#frb_text_646860641.frb_onScreen.frb_hinge {-webkit-animation-duration: 2000ms; animation-duration: 2000ms;}<\/style>\n<div id=\"frb_text_646860641\" class=\"\" style=\"margin: 0px 0px 20px 0px; padding: 0px 0px 0px 0px; border: none; text-align: left; font-size: 24px; line-height: 34px;\">\n<div class=\"frb_text\" style=\"color: #444444;\">\n<p><strong>Es tiempo de dejar atr\u00e1s lo NEGATIVO y atraer lo POSITIVO a tu vida. <\/strong><\/p>\n<p><em>Este libro est\u00e1 destinado a ayudarte a sanar todas las cicatrices y la influencia de toda la negatividad que te rodea. Te garantizo que aprender\u00e1s a liberarte del dolor de este mundo y mejorar\u00e1s dr\u00e1sticamente la calidad de tu vida a partir de este momento. <\/em><\/p>\n<\/div>\n<\/div>\n<\/div>\n<div class=\"pbuilder_module\" data-shortcode=\"features\" data-modid=\"6\">\n<style type=\"text\/css\" scoped=\"scoped\">#frb_features_685663242.frb_onScreen.frb_animated {-webkit-animation-duration: 1000ms; animation-duration: 1000ms;}#frb_features_685663242.frb_onScreen.frb_hinge {-webkit-animation-duration: 2000ms; animation-duration: 2000ms;}<\/style>\n<style type=\"text\/css\" scoped=\"scoped\">\n\t\t#frb_features_685663242 .frb_features{<\/p>\n<p>\t\t}<br \/>\n\t\t#frb_features_685663242 .frb_features:hover {<\/p>\n<p>\t\t}<\/p>\n<p>\t\t#frb_features_685663242 .frb_features_title {<br \/>\n\t\t\tcolor:#111111;<br \/>\n\t\t\tmargin-top:0; padding-top:10px;<br \/>\n\t\t\t margin-left:62px;<\/p>\n<p>\t\t\ttransition: color 300ms;<br \/>\n\t\t\t-webkit-transition: color 300ms;<br \/>\n\t\t}<\/p>\n<p>\t\t#frb_features_685663242 .frb_features:hover .frb_features_title {<br \/>\n\t\t\tcolor: #82b440;<br \/>\n\t\t}<\/p>\n<p>\t\t#frb_features_685663242 .frb_features_icon {<br \/>\n\t\t\tfont-size:40px;<br \/>\n\t\t\tline-height:40px;<br \/>\n\t\t\tcolor:#3498db;<br \/>\n\t\t\tpadding:0px;<br \/>\n\t\t\tmargin-left:0; margin-right:20px;<\/p>\n<p>\t\t\ttransition: color 300ms;<br \/>\n\t\t\t-webkit-transition: color 300ms, border-color 300ms;<br \/>\n\t\t}<\/p>\n<p>\t\t#frb_features_685663242 .frb_features:hover .frb_features_icon {<br \/>\n\t\t\tcolor: #3498db;<br \/>\n\t\t\tborder-color: #3498db;<\/p>\n<p>\t\t}<\/p>\n<p>\t\t#frb_features_685663242 .frb_features_content {<br \/>\n\t\t\tcolor:#444444;<br \/>\n\t\t\tmargin-left:62px;<\/p>\n<p>\t\t\ttransition: color 300ms;<br \/>\n\t\t\t-webkit-transition: color 300ms;<br \/>\n\t\t}<\/p>\n<p>\t\t#frb_features_685663242 .frb_features:hover .frb_features_content {<br \/>\n\t\t\tcolor:#444444;<br \/>\n\t\t}<br \/>\n\t<\/style>\n<div id=\"frb_features_685663242\" class=\"\" style=\"margin: 0px 0px 0px 0px; padding: 0px 0px 0px 0px; border: none;\">\n<div class=\"frb_features frb_features_clean frb_features_icon-left\">\n<p>&nbsp;<\/p>\n<h3 class=\"frb_features_title\"><\/h3>\n<p><span class=\"frb_features_content\"><span style=\"font-size: 20px;\">Con\u00f3cete a Ti Mismo y Conoce Tus L\u00edmites.<\/span><\/span><\/p>\n<div style=\"clear: both;\"><\/div>\n<\/div>\n<\/div>\n<style><\/style>\n<\/div>\n<div class=\"pbuilder_module\" data-shortcode=\"features\" data-modid=\"7\">\n<style type=\"text\/css\" scoped=\"scoped\">#frb_features_352766993.frb_onScreen.frb_animated {-webkit-animation-duration: 1000ms; animation-duration: 1000ms;}#frb_features_352766993.frb_onScreen.frb_hinge {-webkit-animation-duration: 2000ms; animation-duration: 2000ms;}<\/style>\n<style type=\"text\/css\" scoped=\"scoped\">\n\t\t#frb_features_352766993 .frb_features{<\/p>\n<p>\t\t}<br \/>\n\t\t#frb_features_352766993 .frb_features:hover {<\/p>\n<p>\t\t}<\/p>\n<p>\t\t#frb_features_352766993 .frb_features_title {<br \/>\n\t\t\tcolor:#111111;<br \/>\n\t\t\tmargin-top:0; padding-top:10px;<br \/>\n\t\t\t margin-left:62px;<\/p>\n<p>\t\t\ttransition: color 300ms;<br \/>\n\t\t\t-webkit-transition: color 300ms;<br \/>\n\t\t}<\/p>\n<p>\t\t#frb_features_352766993 .frb_features:hover .frb_features_title {<br \/>\n\t\t\tcolor: #82b440;<br \/>\n\t\t}<\/p>\n<p>\t\t#frb_features_352766993 .frb_features_icon {<br \/>\n\t\t\tfont-size:40px;<br \/>\n\t\t\tline-height:40px;<br \/>\n\t\t\tcolor:#3498db;<br \/>\n\t\t\tpadding:0px;<br \/>\n\t\t\tmargin-left:0; margin-right:20px;<\/p>\n<p>\t\t\ttransition: color 300ms;<br \/>\n\t\t\t-webkit-transition: color 300ms, border-color 300ms;<br \/>\n\t\t}<\/p>\n<p>\t\t#frb_features_352766993 .frb_features:hover .frb_features_icon {<br \/>\n\t\t\tcolor: #3498db;<br \/>\n\t\t\tborder-color: #3498db;<\/p>\n<p>\t\t}<\/p>\n<p>\t\t#frb_features_352766993 .frb_features_content {<br \/>\n\t\t\tcolor:#444444;<br \/>\n\t\t\tmargin-left:62px;<\/p>\n<p>\t\t\ttransition: color 300ms;<br \/>\n\t\t\t-webkit-transition: color 300ms;<br \/>\n\t\t}<\/p>\n<p>\t\t#frb_features_352766993 .frb_features:hover .frb_features_content {<br \/>\n\t\t\tcolor:#444444;<br \/>\n\t\t}<br \/>\n\t<\/style>\n<div id=\"frb_features_352766993\" class=\"\" style=\"margin: 0px 0px 0px 0px; padding: 0px 0px 0px 0px; border: none;\">\n<div class=\"frb_features frb_features_clean frb_features_icon-left\">\n<p>&nbsp;<\/p>\n<h3 class=\"frb_features_title\"><\/h3>\n<p><span class=\"frb_features_content\"><span style=\"font-size: 20px;\"> Los pasos a seguir para liberarte<\/span><br \/>\n<\/span><\/p>\n<div style=\"clear: both;\"><\/div>\n<\/div>\n<\/div>\n<style><\/style>\n<\/div>\n<div class=\"pbuilder_module\" data-shortcode=\"features\" data-modid=\"5\">\n<style type=\"text\/css\" scoped=\"scoped\">#frb_features_1510898186.frb_onScreen.frb_animated {-webkit-animation-duration: 1000ms; animation-duration: 1000ms;}#frb_features_1510898186.frb_onScreen.frb_hinge {-webkit-animation-duration: 2000ms; animation-duration: 2000ms;}<\/style>\n<style type=\"text\/css\" scoped=\"scoped\">\n\t\t#frb_features_1510898186 .frb_features{<\/p>\n<p>\t\t}<br \/>\n\t\t#frb_features_1510898186 .frb_features:hover {<\/p>\n<p>\t\t}<\/p>\n<p>\t\t#frb_features_1510898186 .frb_features_title {<br \/>\n\t\t\tcolor:#111111;<br \/>\n\t\t\tmargin-top:0; padding-top:10px;<br \/>\n\t\t\t margin-left:62px;<\/p>\n<p>\t\t\ttransition: color 300ms;<br \/>\n\t\t\t-webkit-transition: color 300ms;<br \/>\n\t\t}<\/p>\n<p>\t\t#frb_features_1510898186 .frb_features:hover .frb_features_title {<br \/>\n\t\t\tcolor: #82b440;<br \/>\n\t\t}<\/p>\n<p>\t\t#frb_features_1510898186 .frb_features_icon {<br \/>\n\t\t\tfont-size:40px;<br \/>\n\t\t\tline-height:40px;<br \/>\n\t\t\tcolor:#3498db;<br \/>\n\t\t\tpadding:0px;<br \/>\n\t\t\tmargin-left:0; margin-right:20px;<\/p>\n<p>\t\t\ttransition: color 300ms;<br \/>\n\t\t\t-webkit-transition: color 300ms, border-color 300ms;<br \/>\n\t\t}<\/p>\n<p>\t\t#frb_features_1510898186 .frb_features:hover .frb_features_icon {<br \/>\n\t\t\tcolor: #3498db;<br \/>\n\t\t\tborder-color: #3498db;<\/p>\n<p>\t\t}<\/p>\n<p>\t\t#frb_features_1510898186 .frb_features_content {<br \/>\n\t\t\tcolor:#444444;<br \/>\n\t\t\tmargin-left:62px;<\/p>\n<p>\t\t\ttransition: color 300ms;<br \/>\n\t\t\t-webkit-transition: color 300ms;<br \/>\n\t\t}<\/p>\n<p>\t\t#frb_features_1510898186 .frb_features:hover .frb_features_content {<br \/>\n\t\t\tcolor:#444444;<br \/>\n\t\t}<br \/>\n\t<\/style>\n<div id=\"frb_features_1510898186\" class=\"\" style=\"margin: 0px 0px 20px 0px; padding: 0px 0px 0px 0px; border: none;\">\n<div class=\"frb_features frb_features_clean frb_features_icon-left\">\n<p>&nbsp;<\/p>\n<h3 class=\"frb_features_title\"><\/h3>\n<p><span class=\"frb_features_content\"><span style=\"font-size: 20px;\">LIbera tu potencialidad y Se tu mismo<\/span><\/span><\/p>\n<div style=\"clear: both;\"><\/div>\n<\/div>\n<\/div>\n<style><\/style>\n<\/div>\n<div class=\"pbuilder_module\" data-shortcode=\"optin\" data-modid=\"18\">\n<style type=\"text\/css\" scoped=\"scoped\">#frb_optin_1902317426.frb_onScreen.frb_animated {-webkit-animation-duration: 1000ms; animation-duration: 1000ms;}#frb_optin_1902317426.frb_onScreen.frb_hinge {-webkit-animation-duration: 2000ms; animation-duration: 2000ms;}<\/style>\n<div id=\"frb_optin_1902317426\" class=\"\">\n<div class=\"frb_textcenter\">\n<style>.optinfrb_optin_1902317426{border-radius: 10;border:none;margin:0px 0px 36px 0px;padding:20px 0px 20px 0px;background-color:#FFFFFF;<\/style>\n<form id=\"optinfrb_optin_1902317426\" class=\"optin optinF optinfrb_optin_1902317426 optin_style_Vertical\" accept-charset=\"UTF-8\" action=\"https:\/\/www.aweber.com\/scripts\/addlead.pl\" autocomplete=\"\" method=\"POST\" name=\"optinfrb_optin_1902317426\">\n<div class=\"content\">\n<div style=\"display: none;\"><input id=\"frb_optin_1902317426_meta_web_form_id\" name=\"meta_web_form_id\" type=\"hidden\" value=\"154274408\" \/><br \/>\n<input id=\"frb_optin_1902317426_meta_split_id\" name=\"meta_split_id\" type=\"hidden\" value=\"\" \/><br \/>\n<input id=\"frb_optin_1902317426_listname\" name=\"listname\" type=\"hidden\" value=\"freddy-blog\" \/><br \/>\n<input id=\"frb_optin_1902317426_redirect\" name=\"redirect\" type=\"hidden\" value=\"http:\/\/freddyortizmagallanes.com\/ebooks\/gracias\/\" \/><br \/>\n<input id=\"frb_optin_1902317426_meta_redirect_onlist\" name=\"meta_redirect_onlist\" type=\"hidden\" value=\"http:\/\/freddyortizmagallanes.com\/ebooks\/sanate-gracias\/\" \/><br \/>\n<input id=\"frb_optin_1902317426_meta_adtracking\" name=\"meta_adtracking\" type=\"hidden\" value=\"sanate_a_ti_mismo_nuevo\" \/><br \/>\n<input id=\"frb_optin_1902317426_meta_message\" name=\"meta_message\" type=\"hidden\" value=\"2\" \/><br \/>\n<input id=\"frb_optin_1902317426_meta_required\" name=\"meta_required\" type=\"hidden\" value=\"name,email\" \/><br \/>\n<input id=\"frb_optin_1902317426_meta_tooltip\" name=\"meta_tooltip\" type=\"hidden\" value=\"\" \/><\/div>\n<div id=\"twostep1frb_optin_1902317426\" style=\"display: none;\">\n<div id=\"leadin2step\" style=\"color: #111111; text-align: center;\">Ejemplares Limitados&#8230;<\/div>\n<p><a id=\"twostepbutton1frb_optin_1902317426\" class=\"frb_button frb_round frb_center frb_fullwidth\" style=\"font-size: 32px; line-height: 32px; text-align: center; letter-spacing: -1px; font-weight: bold; padding: 10px 10px; color: #ffffff; background: #3491cf; border: 0px solid #3491cf;\" data-textcolor=\"#ffffff\" data-backcolor=\"#3491cf\" data-hovertextcolor=\"#ffffff\" data-hoverbackcolor=\"#175d8b\"><\/a>Descarga Tu Guia Ahora<\/p>\n<\/div>\n<div id=\"twostep2frb_optin_1902317426\" style=\"display: none;\">\n<div id=\"leadin\" style=\"color: #111111; text-align: center;\">Para Descargar el ebook, solo tienes que Ingresar Tu Primer Nombre y Tu Correo.<\/div>\n<div class=\"field\"><input style=\"padding: 10px !important; font-size: 24px !important; background: url('http:\/\/freddyortizmagallanes.com\/ebooks\/wp-content\/plugins\/profit_builder\/images\/icons\/nameicon.png') no-repeat 98% center #ffffff; padding-right: 0px; width: 100% !important; box-sizing: border-box; ;color: #111111 !important;\" name=\"name\" type=\"text\" value=\"\" placeholder=\"Aqui tu nombre\" \/><\/div>\n<div class=\"field\"><input class=\"validate[funcCall[checkoptinrequired],custom[email]]\" style=\"padding: 10px !important; font-size: 24px !important; background: url('http:\/\/freddyortizmagallanes.com\/ebooks\/wp-content\/plugins\/profit_builder\/images\/icons\/email.png') no-repeat 98% center #ffffff; padding-right: 0px; width: 100% !important; box-sizing: border-box; ;color: #111111 !important;\" name=\"email\" type=\"text\" value=\"\" placeholder=\"Aqui tu correo\" \/><\/div>\n<div class=\"clear\" style=\"clear: both;\"><\/div>\n<div id=\"submitfrb_optin_1902317426\" class=\"clearBoth frb_button frb_center frb_fullwidth\" style=\"font-size: 32px; line-height: 32px; text-align: center; letter-spacing: -1px; font-weight: bold; padding: 10px 10px; color: #ffffff; background: #3491cf; border: 0px solid #3491cf; cursor: pointer;\" data-textcolor=\"#ffffff\" data-backcolor=\"#3491cf\" data-hovertextcolor=\"#ffffff\" data-hoverbackcolor=\"#175d8b\">Descarga Tu Guia Ahora<\/div>\n<p><script>var recaptcha=\"true\";var myForm = jQuery(\"#optinfrb_optin_1902317426\");\n\t\tfunction frb_optin_1902317426submitForm(){\n      if(recaptcha == \"false\"){\n\t\t\t\talert(\"Please check the I'm not a robot box\");\n\t\t\t\treturn false;\n\t\t\t}\n      if(jQuery(\"#optinfrb_optin_1902317426\").validate(jQuery(\"#optinfrb_optin_1902317426\"))) { console.log(\"Submit Form\");\n                    jQuery(\"#optinfrb_optin_1902317426\").submit()\n            }\n\t\t}\n\t<\/script><\/p>\n<div class=\"privacy\" style=\"color: #111111;\"><img decoding=\"async\" src=\"http:\/\/freddyortizmagallanes.com\/ebooks\/wp-content\/plugins\/profit_builder\/images\/privacylock.png\" \/> Valoramos tu privacidad<\/div>\n<\/div>\n<p><script>\n\t\tjQuery(document).ready(function(){\n\t\t  jQuery(\"#twostep2frb_optin_1902317426\").hide();\n\t\t  jQuery(\"#twostep1frb_optin_1902317426\").show();<\/p>\n<p>\t\t  jQuery(\"#twostepbutton1frb_optin_1902317426\").click(function(){\n\t\t    jQuery(\"#twostep1frb_optin_1902317426\").hide();\n\t\t    jQuery(\"#twostep2frb_optin_1902317426\").show();\n\t\t  });\n\t\t});\n\t\t<\/script><\/p>\n<\/div>\n<\/form>\n<\/div>\n<p><script type=\"text\/javascript\">\n        jQuery(window).trigger(\"resize\");\n        jQuery(document).ready(function(){<\/p>\n<p>\t\t});\n  <\/script><\/p>\n<\/div>\n<div style=\"clear: both;\"><\/div>\n<style>#frb_optin_1902317426 input::placeholder{color:#a5a5a5;}<br \/>\n  #frb_optin_1902317426 input::-webkit-input-placeholder{color:#a5a5a5;}<br \/>\n  #frb_optin_1902317426 input:-moz-placeholder {color:#a5a5a5;}<\/style>\n<\/div>\n<div class=\"pbuilder_module\" data-shortcode=\"text\" data-modid=\"11\">\n<style type=\"text\/css\" scoped=\"scoped\">\n    #frb_text_1034281909, #frb_text_1034281909 *{letter-spacing:0px;}<br \/>\n    #frb_text_1034281909 a{color: #bfbfbf;}<br \/>\n    #frb_text_1034281909 a:hover{color: #444444;}<\/style>\n<style type=\"text\/css\" scoped=\"scoped\">#frb_text_1034281909.frb_onScreen.frb_animated {-webkit-animation-duration: 1000ms; animation-duration: 1000ms;}#frb_text_1034281909.frb_onScreen.frb_hinge {-webkit-animation-duration: 2000ms; animation-duration: 2000ms;}<\/style>\n<div id=\"frb_text_1034281909\" class=\"\" style=\"margin: 0px 0px 36px 0px; padding: 0px 0px 0px 0px; border: none; text-align: center;\">\n<div class=\"frb_text\" style=\"color: #bfbfbf;\"><em>Este ebook ser\u00e1 enviado de inmediato al correo que nos indicas.<\/em><\/div>\n<\/div>\n<\/div>\n<\/div>\n<\/div>\n<div style=\"clear: both;\"><\/div>\n<\/div>\n<\/div>\n<style><\/style>\n<div class=\"pbuilder_row pbuilder_row_id_5\" data-rowtype=\"0\" data-rowid=\"5\">\n<div class=\"pbuilder_row_colwrapper\" style=\"padding: 0px 0px 0px 0px;\">\n<div class=\"pbuilder_column pbuilder_column-1-1\" data-colnumber=\"0\">\n<div class=\"pbuilder_column_background\"><\/div>\n<div class=\" pbuilder_column_inner pbuilder_droppable\">\n<div class=\"pbuilder_module\" data-shortcode=\"image\" data-modid=\"0\">\n<style type=\"text\/css\" scoped=\"scoped\">#frb_image_70181459.frb_onScreen.frb_animated {-webkit-animation-duration: 1000ms; animation-duration: 1000ms;}#frb_image_70181459.frb_onScreen.frb_hinge {-webkit-animation-duration: 2000ms; animation-duration: 2000ms;}<\/style>\n<style type=\"text\/css\" scoped=\"scoped\">#frb_image_70181459 .frb_image_hover {background:#000000;}<\/style>\n<div id=\"frb_image_70181459\" class=\"\">\n<div class=\"frb_image\"><span style=\"text-align: center; width: 100%; display: block;\"><span class=\"frb_image_inner frb_image_border \" data-bordercolor=\"#376a6e\" data-borderhover=\"#376a6e\"><br \/>\n<img decoding=\"async\" id=\"\" class=\" frb_image_flat\" style=\"margin: 0px 0px 0px 0px; padding: 0px 0px 0px 0px; border: none; box-sizing: border-box; margin-left: auto; margin-right: auto;\" title=\"\" src=\"http:\/\/freddyortizmagallanes.com\/wp-content\/uploads\/2013\/12\/logo.png\" alt=\"\" \/><br \/>\n<i class=\"frb_icon fa fa-search\" style=\"line-height: 30px; font-size: 30px; height: 30px; width: 30px; margin: -15px;\"><\/i><\/span><\/span><\/div>\n<\/div>\n<style><\/style>\n<\/div>\n<\/div>\n<\/div>\n<div style=\"clear: both;\"><\/div>\n<\/div>\n<\/div>\n<style><\/style>\n<div class=\"pbuilder_row pbuilder_row_id_4\" style=\"border: none;\" data-rowtype=\"0\" data-rowid=\"4\">\n<div class=\"pbuilder_row_colwrapper\" style=\"padding: 10px 20px 10px 20px;\">\n<div class=\"pbuilder_column pbuilder_column-1-1\" data-colnumber=\"0\">\n<div class=\" pbuilder_column_inner pbuilder_droppable\">\n<div class=\"pbuilder_module\" data-shortcode=\"text\" data-modid=\"14\">\n<style type=\"text\/css\" scoped=\"scoped\">\n    #frb_text_105335560, #frb_text_105335560 *{letter-spacing:0px;}<br \/>\n    #frb_text_105335560 a{color: #c1bdbd;}<br \/>\n    #frb_text_105335560 a:hover{color: #444444;}<\/style>\n<style type=\"text\/css\" scoped=\"scoped\">#frb_text_105335560.frb_onScreen.frb_animated {-webkit-animation-duration: 1000ms; animation-duration: 1000ms;}#frb_text_105335560.frb_onScreen.frb_hinge {-webkit-animation-duration: 2000ms; animation-duration: 2000ms;}<\/style>\n<div id=\"frb_text_105335560\" class=\"\" style=\"margin: 36px 0px 36px 0px; padding: 0px 0px 0px 0px; border: none; text-align: left;\">\n<div class=\"frb_text\" style=\"color: #c1bdbd;\">\n<p>Este sitio web de ninguna manera est\u00e1 afiliado con FaceBook o cualquier entidad de FaceBook. Una vez que abandones FaceBook la responsabilidad ya no est\u00e1 en su sitio. Hacemos todo lo posible para indicar claramente y mostrar todas las pruebas. No vendemos su correo electr\u00f3nico ni ninguna informaci\u00f3n. Si usted tiene alguna pregunta por favor no dude en utilizar el enlace de contacto<\/p>\n<\/div>\n<\/div>\n<\/div>\n<\/div>\n<\/div>\n<div style=\"clear: both;\"><\/div>\n<\/div>\n<\/div>\n<style><\/style>\n<div class=\"pbuilder_row pbuilder_row_id_3\" data-rowtype=\"0\" data-rowid=\"3\">\n<div class=\"pbuilder_row_colwrapper\" style=\"padding: 0px 0px 0px 0px;\">\n<div class=\"pbuilder_column pbuilder_column-1-1\" data-colnumber=\"0\">\n<div class=\"pbuilder_column_background\"><\/div>\n<div class=\" pbuilder_column_inner pbuilder_droppable\">\n<div class=\"pbuilder_module\" data-shortcode=\"text\" data-modid=\"17\">\n<style type=\"text\/css\" scoped=\"scoped\">\n    #frb_text_1597269386, #frb_text_1597269386 *{letter-spacing:0px;}<br \/>\n    #frb_text_1597269386 a{color: #808080;}<br \/>\n    #frb_text_1597269386 a:hover{color: #808080;}<\/style>\n<style type=\"text\/css\" scoped=\"scoped\">#frb_text_1597269386.frb_onScreen.frb_animated {-webkit-animation-duration: 1000ms; animation-duration: 1000ms;}#frb_text_1597269386.frb_onScreen.frb_hinge {-webkit-animation-duration: 2000ms; animation-duration: 2000ms;}<\/style>\n<div id=\"frb_text_1597269386\" class=\"\" style=\"margin: 0px 0px 36px 0px; padding: 0px 0px 0px 0px; border: none; text-align: center;\">\n<div class=\"frb_text\" style=\"color: #808080;\"><a href=\"http:\/\/freddyortizmagallanes.com\/contactenos\/\">Contactanos<\/a> &#8211; <a href=\"http:\/\/freddyortizmagallanes.com\/terminos-y-condiciones\/\">T\u00e9rminos y Condiciones<\/a> &#8211; <a href=\"http:\/\/freddyortizmagallanes.com\/privacy-policy\/\">Politica de Privacidad<\/a><\/div>\n<\/div>\n<\/div>\n<\/div>\n<\/div>\n<div style=\"clear: both;\"><\/div>\n<\/div>\n<\/div>\n<style><\/style>\n<\/div>\n<div style=\"clear: both;\"><\/div>\n<\/div>\n<div style=\"clear: both;\"><\/div>\n<\/div>\n","protected":false},"excerpt":{"rendered":"<p>Guia Gratis&#8230;S\u00e1nate a Ti Mismo &nbsp; &nbsp; &nbsp; &nbsp; Es tiempo de dejar atr\u00e1s lo NEGATIVO y atraer lo POSITIVO a tu vida. Este libro est\u00e1 destinado a ayudarte a sanar todas las cicatrices y la influencia de toda la negatividad que te rodea. Te garantizo que aprender\u00e1s a liberarte del dolor de este mundo [&hellip;]<\/p>\n","protected":false},"author":1,"featured_media":0,"parent":0,"menu_order":0,"comment_status":"closed","ping_status":"closed","template":"","meta":{"_et_pb_use_builder":"","_et_pb_old_content":"","_et_gb_content_width":"","footnotes":""},"class_list":["post-11","page","type-page","status-publish","hentry"],"_links":{"self":[{"href":"https:\/\/freddyortizmagallanes.com\/ebooks\/wp-json\/wp\/v2\/pages\/11","targetHints":{"allow":["GET"]}}],"collection":[{"href":"https:\/\/freddyortizmagallanes.com\/ebooks\/wp-json\/wp\/v2\/pages"}],"about":[{"href":"https:\/\/freddyortizmagallanes.com\/ebooks\/wp-json\/wp\/v2\/types\/page"}],"author":[{"embeddable":true,"href":"https:\/\/freddyortizmagallanes.com\/ebooks\/wp-json\/wp\/v2\/users\/1"}],"replies":[{"embeddable":true,"href":"https:\/\/freddyortizmagallanes.com\/ebooks\/wp-json\/wp\/v2\/comments?post=11"}],"version-history":[{"count":10,"href":"https:\/\/freddyortizmagallanes.com\/ebooks\/wp-json\/wp\/v2\/pages\/11\/revisions"}],"predecessor-version":[{"id":110,"href":"https:\/\/freddyortizmagallanes.com\/ebooks\/wp-json\/wp\/v2\/pages\/11\/revisions\/110"}],"wp:attachment":[{"href":"https:\/\/freddyortizmagallanes.com\/ebooks\/wp-json\/wp\/v2\/media?parent=11"}],"curies":[{"name":"wp","href":"https:\/\/api.w.org\/{rel}","templated":true}]}}