{"id":61,"date":"2017-08-02T22:07:35","date_gmt":"2017-08-02T22:07:35","guid":{"rendered":"http:\/\/freddyortizmagallanes.com\/ebooks\/sanate-2\/"},"modified":"2017-08-21T02:47:10","modified_gmt":"2017-08-21T02:47:10","slug":"motivacion-la-clave","status":"publish","type":"page","link":"https:\/\/freddyortizmagallanes.com\/ebooks\/motivacion-la-clave\/","title":{"rendered":"Motivaci\u00f3n La Clave"},"content":{"rendered":"<div id=\"pbuilder_wrapper\">\n<div id=\"pbuilder_content_wrapper\">\n<div id=\"pbuilder_content\">\n<div data-rowtype=\"0\" data-rowid=\"0\" style=\"border:none;\" class=\"pbuilder_row pbuilder_row_id_0\">\n<div  class=\"pbuilder_row_colwrapper\" style=\"padding:36px 0px 46px 0px;\" >\n<div data-colnumber=\"0\" class=\"pbuilder_column pbuilder_column-1-1\">\n<div class=\"pbuilder_column_background\" style=\"border:none; background-color: ; \"><\/div>\n<div style=\"\" class=\" pbuilder_column_inner pbuilder_droppable\" >\n<div class=\"pbuilder_module\" data-shortcode=\"text\" data-modid=\"4\">\n<style type=\"text\/css\" scoped=\"scoped\">\n    #frb_text_1824971855, #frb_text_1824971855 *{letter-spacing:0px;}\n    #frb_text_1824971855 a{color: #3498db;}\n    #frb_text_1824971855 a:hover{color: #444444;}<\/style>\n<style type=\"text\/css\" scoped=\"scoped\">#frb_text_1824971855.frb_onScreen.frb_animated {-webkit-animation-duration: 1000ms; animation-duration: 1000ms;}#frb_text_1824971855.frb_onScreen.frb_hinge {-webkit-animation-duration: 2000ms; animation-duration: 2000ms;}<\/style>\n<div id=\"frb_text_1824971855\" class=\"\" style=\"margin:0px 0px 0px 0px;padding:0px 0px 0px 0px;border:none;text-align:center; font-size:64px; line-height:64px;\">\n<div class=\"frb_text\" style=\"color:#3498db;\"><strong> Gratis&#8230;Motivaci\u00f3n la Clave Para \u00c9xito.<\/strong>\n<\/div>\n<\/div>\n<\/div>\n<\/div>\n<\/div>\n<div style=\"clear:both;\"><\/div>\n<\/div>\n<\/div>\n<style><\/style>\n<div data-rowtype=\"3\" data-rowid=\"1\" style=\"border:none;\" class=\"pbuilder_row pbuilder_row_id_1\">\n<div  class=\"pbuilder_row_colwrapper\" style=\"padding:0px 0px 0px 0px;\" >\n<div data-colnumber=\"0\" class=\"pbuilder_column pbuilder_column-1-3\">\n<div class=\"pbuilder_column_background\" style=\"border:none; background-color: ; \"><\/div>\n<div style=\"\" class=\" pbuilder_column_inner pbuilder_droppable\" >\n<div class=\"pbuilder_module\" data-shortcode=\"image\" data-modid=\"10\">\n<style type=\"text\/css\" scoped=\"scoped\">#frb_image_643434680.frb_onScreen.frb_animated {-webkit-animation-duration: 1000ms; animation-duration: 1000ms;}#frb_image_643434680.frb_onScreen.frb_hinge {-webkit-animation-duration: 2000ms; animation-duration: 2000ms;}<\/style>\n<style type=\"text\/css\" scoped=\"scoped\">#frb_image_643434680 .frb_image_hover {background:#ffffff;}<\/style>\n<div id=\"frb_image_643434680\" class=\"\">\n<div class=\"frb_image\" style=\"\"><span style=\"text-align:center; width:100%; display:block;\"><a class=\"\" style=\"display:inline-block;\" href=#><\/p>\n<div onclick=\"alert('Oops... Please fill in your email in the form below.');return false;\"><span class=\"frb_image_inner frb_image_border \" style=\"\" data-bordercolor=\"#111111\" data-borderhover=\"#82b440\"><br \/>\n\t\t<img decoding=\"async\" id=\"\" class=\" frb_image_flat\" src=\"http:\/\/freddyortizmagallanes.com\/ebooks\/wp-content\/uploads\/2017\/08\/thinpaperback_795x1003-1.png\" title=\"Motivacion la clave del exito\" alt=\"Motivacion la clave del exito\" style=\"margin:0px 0px 0px 0px;padding:0px 0px 0px 0px;border:none;box-sizing: border-box;margin-left: auto;margin-right: auto;\" \/><br \/>\n\t\t<span style=\"clear:both; display:block;\"><\/span><span id=\"_hover\" class=\" frb_image_hover\" data-transparency=\"1\"><\/span><i class=\"frb_icon ba ba-search\" style=\"line-height:0px; font-size:0px; height:0px; width:0px; margin:0px \"><\/i><\/span><\/div>\n<p><\/a><\/span><\/div>\n<\/div>\n<style><\/style>\n<\/div>\n<div class=\"pbuilder_module\" data-shortcode=\"image\" data-modid=\"13\">\n<style type=\"text\/css\" scoped=\"scoped\">#frb_image_1707121062.frb_onScreen.frb_animated {-webkit-animation-duration: 1000ms; animation-duration: 1000ms;}#frb_image_1707121062.frb_onScreen.frb_hinge {-webkit-animation-duration: 2000ms; animation-duration: 2000ms;}<\/style>\n<style type=\"text\/css\" scoped=\"scoped\">#frb_image_1707121062 .frb_image_hover {background:#ffffff;}<\/style>\n<div id=\"frb_image_1707121062\" class=\"\">\n<div class=\"frb_image\" style=\"\"><span style=\"text-align:center; width:100%; display:block;\"><a class=\"\" style=\"display:inline-block;\" href=#><\/p>\n<div onclick=\"alert('Oops... Please fill in your email in the form below.');return false;\"><span class=\"frb_image_inner\" style=\"\" data-bordercolor=\"#111111\" data-borderhover=\"#82b440\"><br \/>\n\t\t<img decoding=\"async\" id=\"\" class=\" frb_image_flat\" src=\"http:\/\/wpprofitbuilder.com\/templates\/wp-content\/uploads\/2014\/08\/download-count.jpg\" title=\"\" alt=\"\" style=\"margin:0px 0px 0px 0px;padding:0px 0px 0px 0px;border:none;box-sizing: border-box;margin-left: auto;margin-right: auto;\" \/><br \/>\n\t\t<span style=\"clear:both; display:block;\"><\/span><span id=\"_hover\" class=\" frb_image_hover\" data-transparency=\"1\"><\/span><i class=\"frb_icon ba ba-search\" style=\"line-height:0px; font-size:0px; height:0px; width:0px; margin:0px \"><\/i><\/span><\/div>\n<p><\/a><\/span><\/div>\n<\/div>\n<style><\/style>\n<\/div>\n<\/div>\n<\/div>\n<div data-colnumber=\"1\" class=\"pbuilder_column pbuilder_column-2-3\">\n<div class=\"pbuilder_column_background\" style=\"border:none; background-color: ; \"><\/div>\n<div style=\"\" class=\" pbuilder_column_inner pbuilder_droppable\" >\n<div class=\"pbuilder_module\" data-shortcode=\"text\" data-modid=\"2\">\n<style type=\"text\/css\" scoped=\"scoped\">\n    #frb_text_293347652, #frb_text_293347652 *{letter-spacing:0px;}\n    #frb_text_293347652 a{color: #444444;}\n    #frb_text_293347652 a:hover{color: #444444;}<\/style>\n<style type=\"text\/css\" scoped=\"scoped\">#frb_text_293347652.frb_onScreen.frb_animated {-webkit-animation-duration: 1000ms; animation-duration: 1000ms;}#frb_text_293347652.frb_onScreen.frb_hinge {-webkit-animation-duration: 2000ms; animation-duration: 2000ms;}<\/style>\n<div id=\"frb_text_293347652\" class=\"\" style=\"margin:0px 0px 20px 0px;padding:0px 0px 0px 0px;border:none;text-align:left; font-size:24px; line-height:34px;\">\n<div class=\"frb_text\" style=\"color:#444444;\">\n<p><strong>6 Pasos Simples que te Ayudar\u00e1n Alcanzar tus sue\u00f1os<\/strong><\/p>\n<p>. Este libro te ayudar\u00e1 a desbloquear tu verdadero potencial al mostrarte las claves para llegar a estar motivado para alcanzar tus metas.<\/p>\n<\/div>\n<\/div>\n<\/div>\n<div class=\"pbuilder_module\" data-shortcode=\"features\" data-modid=\"6\">\n<style type=\"text\/css\" scoped=\"scoped\">#frb_features_1113562798.frb_onScreen.frb_animated {-webkit-animation-duration: 1000ms; animation-duration: 1000ms;}#frb_features_1113562798.frb_onScreen.frb_hinge {-webkit-animation-duration: 2000ms; animation-duration: 2000ms;}<\/style>\n<style type=\"text\/css\" scoped=\"scoped\">\n\t\t#frb_features_1113562798 .frb_features{<\/p>\n<p>\t\t}\n\t\t#frb_features_1113562798 .frb_features:hover {<\/p>\n<p>\t\t}<\/p>\n<p>\t\t#frb_features_1113562798 .frb_features_title {\n\t\t\tcolor:#111111;\n\t\t\tmargin-top:0; padding-top:10px;\n\t\t\t margin-left:62px;<\/p>\n<p>\t\t\ttransition: color 300ms;\n\t\t\t-webkit-transition: color 300ms;\n\t\t}<\/p>\n<p>\t\t#frb_features_1113562798 .frb_features:hover .frb_features_title {\n\t\t\tcolor: #82b440;\n\t\t}<\/p>\n<p>\t\t#frb_features_1113562798 .frb_features_icon {\n\t\t\tfont-size:40px;\n\t\t\tline-height:40px;\n\t\t\tcolor:#3498db;\n\t\t\tpadding:0px;\n\t\t\tmargin-left:0; margin-right:20px;<\/p>\n<p>\t\t\ttransition: color 300ms;\n\t\t\t-webkit-transition: color 300ms, border-color 300ms;\n\t\t}<\/p>\n<p>\t\t#frb_features_1113562798 .frb_features:hover .frb_features_icon {\n\t\t\tcolor: #3498db;\n\t\t\tborder-color: #3498db;<\/p>\n<p>\t\t}<\/p>\n<p>\t\t#frb_features_1113562798 .frb_features_content {\n\t\t\tcolor:#444444;\n\t\t\tmargin-left:62px;<\/p>\n<p>\t\t\ttransition: color 300ms;\n\t\t\t-webkit-transition: color 300ms;\n\t\t}<\/p>\n<p>\t\t#frb_features_1113562798 .frb_features:hover .frb_features_content {\n\t\t\tcolor:#444444;\n\t\t}\n\t<\/style>\n<div id=\"frb_features_1113562798\" class=\"\" style=\"margin:0px 0px 0px 0px;padding:0px 0px 0px 0px;border:none;\">\n<div class=\"frb_features frb_features_clean frb_features_icon-left\"><i class=\"frb_features_icon frb_features_icon-left fa fa-check frb_icon\" ><\/i><\/p>\n<h3 class=\"frb_features_title\"><\/h3>\n<p><span class=\"frb_features_content\"><span style=\"font-size: 20px;\">Define El \u00c9xito en tus Propios T\u00e9rminos  .<\/span><br \/>\n<\/span><\/p>\n<div style=\"clear:both;\"><\/div>\n<\/div>\n<\/div>\n<style><\/style>\n<\/div>\n<div class=\"pbuilder_module\" data-shortcode=\"features\" data-modid=\"7\">\n<style type=\"text\/css\" scoped=\"scoped\">#frb_features_788871221.frb_onScreen.frb_animated {-webkit-animation-duration: 1000ms; animation-duration: 1000ms;}#frb_features_788871221.frb_onScreen.frb_hinge {-webkit-animation-duration: 2000ms; animation-duration: 2000ms;}<\/style>\n<style type=\"text\/css\" scoped=\"scoped\">\n\t\t#frb_features_788871221 .frb_features{<\/p>\n<p>\t\t}\n\t\t#frb_features_788871221 .frb_features:hover {<\/p>\n<p>\t\t}<\/p>\n<p>\t\t#frb_features_788871221 .frb_features_title {\n\t\t\tcolor:#111111;\n\t\t\tmargin-top:0; padding-top:10px;\n\t\t\t margin-left:62px;<\/p>\n<p>\t\t\ttransition: color 300ms;\n\t\t\t-webkit-transition: color 300ms;\n\t\t}<\/p>\n<p>\t\t#frb_features_788871221 .frb_features:hover .frb_features_title {\n\t\t\tcolor: #82b440;\n\t\t}<\/p>\n<p>\t\t#frb_features_788871221 .frb_features_icon {\n\t\t\tfont-size:40px;\n\t\t\tline-height:40px;\n\t\t\tcolor:#3498db;\n\t\t\tpadding:0px;\n\t\t\tmargin-left:0; margin-right:20px;<\/p>\n<p>\t\t\ttransition: color 300ms;\n\t\t\t-webkit-transition: color 300ms, border-color 300ms;\n\t\t}<\/p>\n<p>\t\t#frb_features_788871221 .frb_features:hover .frb_features_icon {\n\t\t\tcolor: #3498db;\n\t\t\tborder-color: #3498db;<\/p>\n<p>\t\t}<\/p>\n<p>\t\t#frb_features_788871221 .frb_features_content {\n\t\t\tcolor:#444444;\n\t\t\tmargin-left:62px;<\/p>\n<p>\t\t\ttransition: color 300ms;\n\t\t\t-webkit-transition: color 300ms;\n\t\t}<\/p>\n<p>\t\t#frb_features_788871221 .frb_features:hover .frb_features_content {\n\t\t\tcolor:#444444;\n\t\t}\n\t<\/style>\n<div id=\"frb_features_788871221\" class=\"\" style=\"margin:0px 0px 0px 0px;padding:0px 0px 0px 0px;border:none;\">\n<div class=\"frb_features frb_features_clean frb_features_icon-left\"><i class=\"frb_features_icon frb_features_icon-left fa fa-check frb_icon\" ><\/i><\/p>\n<h3 class=\"frb_features_title\"><\/h3>\n<p><span class=\"frb_features_content\"><span style=\"font-size: 20px;\"> Gestiona Tus Fracasos<\/span><br \/>\n<\/span><\/p>\n<div style=\"clear:both;\"><\/div>\n<\/div>\n<\/div>\n<style><\/style>\n<\/div>\n<div class=\"pbuilder_module\" data-shortcode=\"features\" data-modid=\"5\">\n<style type=\"text\/css\" scoped=\"scoped\">#frb_features_1487085808.frb_onScreen.frb_animated {-webkit-animation-duration: 1000ms; animation-duration: 1000ms;}#frb_features_1487085808.frb_onScreen.frb_hinge {-webkit-animation-duration: 2000ms; animation-duration: 2000ms;}<\/style>\n<style type=\"text\/css\" scoped=\"scoped\">\n\t\t#frb_features_1487085808 .frb_features{<\/p>\n<p>\t\t}\n\t\t#frb_features_1487085808 .frb_features:hover {<\/p>\n<p>\t\t}<\/p>\n<p>\t\t#frb_features_1487085808 .frb_features_title {\n\t\t\tcolor:#111111;\n\t\t\tmargin-top:0; padding-top:10px;\n\t\t\t margin-left:62px;<\/p>\n<p>\t\t\ttransition: color 300ms;\n\t\t\t-webkit-transition: color 300ms;\n\t\t}<\/p>\n<p>\t\t#frb_features_1487085808 .frb_features:hover .frb_features_title {\n\t\t\tcolor: #82b440;\n\t\t}<\/p>\n<p>\t\t#frb_features_1487085808 .frb_features_icon {\n\t\t\tfont-size:40px;\n\t\t\tline-height:40px;\n\t\t\tcolor:#3498db;\n\t\t\tpadding:0px;\n\t\t\tmargin-left:0; margin-right:20px;<\/p>\n<p>\t\t\ttransition: color 300ms;\n\t\t\t-webkit-transition: color 300ms, border-color 300ms;\n\t\t}<\/p>\n<p>\t\t#frb_features_1487085808 .frb_features:hover .frb_features_icon {\n\t\t\tcolor: #3498db;\n\t\t\tborder-color: #3498db;<\/p>\n<p>\t\t}<\/p>\n<p>\t\t#frb_features_1487085808 .frb_features_content {\n\t\t\tcolor:#444444;\n\t\t\tmargin-left:62px;<\/p>\n<p>\t\t\ttransition: color 300ms;\n\t\t\t-webkit-transition: color 300ms;\n\t\t}<\/p>\n<p>\t\t#frb_features_1487085808 .frb_features:hover .frb_features_content {\n\t\t\tcolor:#444444;\n\t\t}\n\t<\/style>\n<div id=\"frb_features_1487085808\" class=\"\" style=\"margin:0px 0px 20px 0px;padding:0px 0px 0px 0px;border:none;\">\n<div class=\"frb_features frb_features_clean frb_features_icon-left\"><i class=\"frb_features_icon frb_features_icon-left fa fa-check frb_icon\" ><\/i><\/p>\n<h3 class=\"frb_features_title\"><\/h3>\n<p><span class=\"frb_features_content\"><span style=\"font-size: 20px;\">Equilibra tu vida para conseguir el \u00e9xito<\/span><\/span><\/p>\n<div style=\"clear:both;\"><\/div>\n<\/div>\n<\/div>\n<style><\/style>\n<\/div>\n<div class=\"pbuilder_module\" data-shortcode=\"optin\" data-modid=\"18\">\n<style type=\"text\/css\" scoped=\"scoped\">#frb_optin_1811076595.frb_onScreen.frb_animated {-webkit-animation-duration: 1000ms; animation-duration: 1000ms;}#frb_optin_1811076595.frb_onScreen.frb_hinge {-webkit-animation-duration: 2000ms; animation-duration: 2000ms;}<\/style>\n<div id=\"frb_optin_1811076595\" class=\"\">\n<div class=\"frb_textcenter\">\n<style>.optinfrb_optin_1811076595{border-radius: 10;border:none;margin:0px 0px 36px 0px;padding:20px 0px 20px 0px;background-color:#FFFFFF;<\/style>\n<form method=\"POST\" action=\"https:\/\/www.aweber.com\/scripts\/addlead.pl\" class=\"optin optinF optinfrb_optin_1811076595 optin_style_Vertical\" name=\"optinfrb_optin_1811076595\" id=\"optinfrb_optin_1811076595\" accept-charset=\"UTF-8\" autocomplete>\n<div class=\"content\">\n<div style=\"display: none;\"><input type=\"hidden\" id=\"frb_optin_1811076595_meta_web_form_id\" name=\"meta_web_form_id\" value=\"631562090\" \/><br \/>\n<input type=\"hidden\" id=\"frb_optin_1811076595_meta_split_id\" name=\"meta_split_id\" value=\"\" \/><br \/>\n<input type=\"hidden\" id=\"frb_optin_1811076595_listname\" name=\"listname\" value=\"freddy-blog\" \/><br \/>\n<input type=\"hidden\" id=\"frb_optin_1811076595_redirect\" name=\"redirect\" value=\"http:\/\/freddyortizmagallanes.com\/ebooks\/gracias\/\" \/><br \/>\n<input type=\"hidden\" id=\"frb_optin_1811076595_meta_redirect_onlist\" name=\"meta_redirect_onlist\" value=\"http:\/\/freddyortizmagallanes.com\/ebooks\/motivacion-la-clave-gracias\/\" \/><br \/>\n<input type=\"hidden\" id=\"frb_optin_1811076595_meta_adtracking\" name=\"meta_adtracking\" value=\"Motivacion_La_clave_del_Exito\" \/><br \/>\n<input type=\"hidden\" id=\"frb_optin_1811076595_meta_message\" name=\"meta_message\" value=\"3\" \/><br \/>\n<input type=\"hidden\" id=\"frb_optin_1811076595_meta_required\" name=\"meta_required\" value=\"name,email\" \/><br \/>\n<input type=\"hidden\" id=\"frb_optin_1811076595_meta_tooltip\" name=\"meta_tooltip\" value=\"\" \/>\n<\/div>\n<div id=\"twostep1frb_optin_1811076595\" style=\"display:none;\">\n<div id=\"leadin2step\" style=\"color:#111111; text-align:center;\">Ejemplares Limitados&#8230;<\/div>\n<p>        <a class=\"frb_button frb_round  frb_center frb_fullwidth\" id=\"twostepbutton1frb_optin_1811076595\" style=\"font-size:32px; line-height:32px; text-align:center; letter-spacing:-1px; font-weight:bold; padding:10px 10px; color:#ffffff; background:#3491cf; border: 0px solid #3491cf;\" data-textcolor=\"#ffffff\" data-backcolor=\"#3491cf\" data-hovertextcolor=\"#ffffff\" data-hoverbackcolor=\"#175d8b\">Descarga Tu Libro Ahora<\/a><\/div>\n<div id=\"twostep2frb_optin_1811076595\" style=\"display:none;\">\n<div id=\"leadin\" style=\"color:#111111; text-align:center;\">Para Descargar el ebook, solo tienes que Ingresar Tu Primer Nombre y Tu Correo.<\/div>\n<div class=\"field\"><input type=\"text\"  validation=\"required\"  error-message=\"Por favor ingresa tu nombre\" name=\"name\" value=\"\" padding-left=\"10\" padding-top=\"10\" padding-bottom=\"10\" padding-right=\"33\" style=\"padding:10px !important; font-size:24px !important;  background:url('http:\/\/freddyortizmagallanes.com\/ebooks\/wp-content\/plugins\/profit_builder\/images\/icons\/nameicon.png') no-repeat 98% center #ffffff; padding-right: 0px; width: 100% !important; box-sizing: border-box;;color:#111111 !important;\" placeholder=\"Aqui tu nombre\"  \/><\/div>\n<div class=\"field\"><input type=\"text\" validation=\"required email\" class=\"validate[funcCall[checkoptinrequired],custom[email]]\" error-message=\"Por favor ingresa tu correo\" name=\"email\" value=\"\" padding-left=\"10\" padding-top=\"10\" padding-bottom=\"10\" padding-right=\"33\" style=\"padding:10px !important; font-size:24px !important;  background:url('http:\/\/freddyortizmagallanes.com\/ebooks\/wp-content\/plugins\/profit_builder\/images\/icons\/email.png') no-repeat 98% center #ffffff; padding-right: 0px;   width: 100% !important; box-sizing: border-box;;color:#111111 !important;\" placeholder=\"Aqui tu correo\"  \/><\/div>\n<div class='clear' style='clear:both;'><\/div>\n<div onclick=\"frb_optin_1811076595submitForm()\" class=\"clearBoth frb_button  frb_center frb_fullwidth\" id=\"submitfrb_optin_1811076595\" style=\"font-size:32px; line-height:32px; text-align:center; letter-spacing:-1px; font-weight:bold; padding:10px 10px; color:#ffffff; background:#3491cf; border: 0px solid #3491cf;cursor: pointer;\" data-textcolor=\"#ffffff\" data-backcolor=\"#3491cf\" data-hovertextcolor=\"#ffffff\" data-hoverbackcolor=\"#175d8b\">Descarga Tu Libro<\/div>\n<p><script>var recaptcha=\"true\";var myForm = jQuery(\"#optinfrb_optin_1811076595\");\n\t\tfunction frb_optin_1811076595submitForm(){\n      if(recaptcha == \"false\"){\n\t\t\t\talert(\"Please check the I'm not a robot box\");\n\t\t\t\treturn false;\n\t\t\t}\n      if(jQuery(\"#optinfrb_optin_1811076595\").validate(jQuery(\"#optinfrb_optin_1811076595\"))) { console.log(\"Submit Form\");\n                    jQuery(\"#optinfrb_optin_1811076595\").submit()\n            }\n\t\t}\n\t<\/script><\/p>\n<div class=\"privacy\" style=\"color:#111111;\"><img decoding=\"async\" src=\"http:\/\/freddyortizmagallanes.com\/ebooks\/wp-content\/plugins\/profit_builder\/images\/privacylock.png\"> Valoramos tu privacidad<\/div>\n<\/div>\n<p><script>\n\t\tjQuery(document).ready(function(){\n\t\t  jQuery(\"#twostep2frb_optin_1811076595\").hide();\n\t\t  jQuery(\"#twostep1frb_optin_1811076595\").show();<\/p>\n<p>\t\t  jQuery(\"#twostepbutton1frb_optin_1811076595\").click(function(){\n\t\t    jQuery(\"#twostep1frb_optin_1811076595\").hide();\n\t\t    jQuery(\"#twostep2frb_optin_1811076595\").show();\n\t\t  });\n\t\t});\n\t\t<\/script><\/div>\n<\/form>\n<\/div>\n<p>    <script type=\"text\/javascript\">\n        jQuery(window).trigger(\"resize\");\n        jQuery(document).ready(function(){<\/p>\n<p>\t\t});\n  <\/script><\/div>\n<div style=\"clear:both;\"><\/div>\n<style>#frb_optin_1811076595 input::placeholder{color:#a5a5a5;}\n  #frb_optin_1811076595 input::-webkit-input-placeholder{color:#a5a5a5;}\n  #frb_optin_1811076595 input:-moz-placeholder {color:#a5a5a5;}<\/style>\n<\/div>\n<div class=\"pbuilder_module\" data-shortcode=\"text\" data-modid=\"11\">\n<style type=\"text\/css\" scoped=\"scoped\">\n    #frb_text_1494454266, #frb_text_1494454266 *{letter-spacing:0px;}\n    #frb_text_1494454266 a{color: #bfbfbf;}\n    #frb_text_1494454266 a:hover{color: #444444;}<\/style>\n<style type=\"text\/css\" scoped=\"scoped\">#frb_text_1494454266.frb_onScreen.frb_animated {-webkit-animation-duration: 1000ms; animation-duration: 1000ms;}#frb_text_1494454266.frb_onScreen.frb_hinge {-webkit-animation-duration: 2000ms; animation-duration: 2000ms;}<\/style>\n<div id=\"frb_text_1494454266\" class=\"\" style=\"margin:0px 0px 36px 0px;padding:0px 0px 0px 0px;border:none;text-align:center;\">\n<div class=\"frb_text\" style=\"color:#bfbfbf;\"><em>Este ebook ser\u00e1 enviado de inmediato al correo que nos indicas.<\/em><\/div>\n<\/div>\n<\/div>\n<\/div>\n<\/div>\n<div style=\"clear:both;\"><\/div>\n<\/div>\n<\/div>\n<style><\/style>\n<div data-rowtype=\"0\" data-rowid=\"5\" style=\"\" class=\"pbuilder_row pbuilder_row_id_5\">\n<div  class=\"pbuilder_row_colwrapper\" style=\"padding:0px 0px 0px 0px;\" >\n<div data-colnumber=\"0\" class=\"pbuilder_column pbuilder_column-1-1\">\n<div class=\"pbuilder_column_background\" style=\" background-color: ; \"><\/div>\n<div style=\"\" class=\" pbuilder_column_inner pbuilder_droppable\" >\n<div class=\"pbuilder_module\" data-shortcode=\"image\" data-modid=\"0\">\n<style type=\"text\/css\" scoped=\"scoped\">#frb_image_1141132406.frb_onScreen.frb_animated {-webkit-animation-duration: 1000ms; animation-duration: 1000ms;}#frb_image_1141132406.frb_onScreen.frb_hinge {-webkit-animation-duration: 2000ms; animation-duration: 2000ms;}<\/style>\n<style type=\"text\/css\" scoped=\"scoped\">#frb_image_1141132406 .frb_image_hover {background:#000000;}<\/style>\n<div id=\"frb_image_1141132406\" class=\"\">\n<div class=\"frb_image\" style=\"\"><span style=\"text-align:center; width:100%; display:block;\"><span class=\"frb_image_inner frb_image_border \" style=\"\" data-bordercolor=\"#376a6e\" data-borderhover=\"#376a6e\"><br \/>\n\t\t<img decoding=\"async\" id=\"\" class=\" frb_image_flat\" src=\"http:\/\/freddyortizmagallanes.com\/wp-content\/uploads\/2013\/12\/logo.png\" title=\"\" alt=\"\" style=\"margin:0px 0px 0px 0px;padding:0px 0px 0px 0px;border:none;box-sizing: border-box;margin-left: auto;margin-right: auto;\" \/><br \/>\n\t\t<span style=\"clear:both; display:block;\"><\/span><i class=\"frb_icon fa fa-search\" style=\"line-height:30px; font-size:30px; height:30px; width:30px; margin:-15px \"><\/i><\/span><\/span><\/div>\n<\/div>\n<style><\/style>\n<\/div>\n<\/div>\n<\/div>\n<div style=\"clear:both;\"><\/div>\n<\/div>\n<\/div>\n<style><\/style>\n<div data-rowtype=\"0\" data-rowid=\"4\" style=\"border:none;\" class=\"pbuilder_row pbuilder_row_id_4\">\n<div  class=\"pbuilder_row_colwrapper\" style=\"padding:10px 20px 10px 20px;\" >\n<div data-colnumber=\"0\" class=\"pbuilder_column pbuilder_column-1-1\">\n<div class=\" pbuilder_column_inner pbuilder_droppable\" >\n<div class=\"pbuilder_module\" data-shortcode=\"text\" data-modid=\"14\">\n<style type=\"text\/css\" scoped=\"scoped\">\n    #frb_text_139831701, #frb_text_139831701 *{letter-spacing:0px;}\n    #frb_text_139831701 a{color: #c1bdbd;}\n    #frb_text_139831701 a:hover{color: #444444;}<\/style>\n<style type=\"text\/css\" scoped=\"scoped\">#frb_text_139831701.frb_onScreen.frb_animated {-webkit-animation-duration: 1000ms; animation-duration: 1000ms;}#frb_text_139831701.frb_onScreen.frb_hinge {-webkit-animation-duration: 2000ms; animation-duration: 2000ms;}<\/style>\n<div id=\"frb_text_139831701\" class=\"\" style=\"margin:36px 0px 36px 0px;padding:0px 0px 0px 0px;border:none;text-align:left;\">\n<div class=\"frb_text\" style=\"color:#c1bdbd;\">Este sitio web de ninguna manera est\u00e1 afiliado con FaceBook o cualquier entidad de FaceBook. Una vez que abandones FaceBook la responsabilidad ya no est\u00e1 en su sitio. Hacemos todo lo posible para indicar claramente y mostrar todas las pruebas. No vendemos su correo electr\u00f3nico ni ninguna informaci\u00f3n. Si usted tiene alguna pregunta por favor no dude en utilizar el enlace de contacto<\/p>\n<\/div>\n<\/div>\n<\/div>\n<\/div>\n<\/div>\n<div style=\"clear:both;\"><\/div>\n<\/div>\n<\/div>\n<style><\/style>\n<div data-rowtype=\"0\" data-rowid=\"3\" style=\"\" class=\"pbuilder_row pbuilder_row_id_3\">\n<div  class=\"pbuilder_row_colwrapper\" style=\"padding:0px 0px 0px 0px;\" >\n<div data-colnumber=\"0\" class=\"pbuilder_column pbuilder_column-1-1\">\n<div class=\"pbuilder_column_background\" style=\" background-color: ; \"><\/div>\n<div style=\"\" class=\" pbuilder_column_inner pbuilder_droppable\" >\n<div class=\"pbuilder_module\" data-shortcode=\"text\" data-modid=\"17\">\n<style type=\"text\/css\" scoped=\"scoped\">\n    #frb_text_1479808276, #frb_text_1479808276 *{letter-spacing:0px;}\n    #frb_text_1479808276 a{color: #808080;}\n    #frb_text_1479808276 a:hover{color: #808080;}<\/style>\n<style type=\"text\/css\" scoped=\"scoped\">#frb_text_1479808276.frb_onScreen.frb_animated {-webkit-animation-duration: 1000ms; animation-duration: 1000ms;}#frb_text_1479808276.frb_onScreen.frb_hinge {-webkit-animation-duration: 2000ms; animation-duration: 2000ms;}<\/style>\n<div id=\"frb_text_1479808276\" class=\"\" style=\"margin:0px 0px 36px 0px;padding:0px 0px 0px 0px;border:none;text-align:center;\">\n<div class=\"frb_text\" style=\"color:#808080;\"><a href=\"http:\/\/freddyortizmagallanes.com\/contactenos\/\">Contactanos<\/a> &#8211; <a href=\"http:\/\/freddyortizmagallanes.com\/terminos-y-condiciones\/\">T\u00e9rminos y Condiciones<\/a> &#8211; <a href=\"http:\/\/freddyortizmagallanes.com\/privacy-policy\/\">Politica de Privacidad<\/a><\/div>\n<\/div>\n<\/div>\n<\/div>\n<\/div>\n<div style=\"clear:both;\"><\/div>\n<\/div>\n<\/div>\n<style><\/style>\n<\/p><\/div>\n<div style=\"clear:both\"><\/div>\n<\/p><\/div>\n<div style=\"clear:both\"><\/div>\n<\/p><\/div>\n","protected":false},"excerpt":{"rendered":"<p>Gratis&#8230;Motivaci\u00f3n la Clave Para \u00c9xito. 6 Pasos Simples que te Ayudar\u00e1n Alcanzar tus sue\u00f1os . Este libro te ayudar\u00e1 a desbloquear tu verdadero potencial al mostrarte las claves para llegar a estar motivado para alcanzar tus metas. Define El \u00c9xito en tus Propios T\u00e9rminos . Gestiona Tus Fracasos Equilibra tu vida para conseguir el \u00e9xito [&hellip;]<\/p>\n","protected":false},"author":1,"featured_media":0,"parent":0,"menu_order":0,"comment_status":"closed","ping_status":"closed","template":"","meta":{"_et_pb_use_builder":"","_et_pb_old_content":"","_et_gb_content_width":"","footnotes":""},"class_list":["post-61","page","type-page","status-publish","hentry"],"_links":{"self":[{"href":"https:\/\/freddyortizmagallanes.com\/ebooks\/wp-json\/wp\/v2\/pages\/61","targetHints":{"allow":["GET"]}}],"collection":[{"href":"https:\/\/freddyortizmagallanes.com\/ebooks\/wp-json\/wp\/v2\/pages"}],"about":[{"href":"https:\/\/freddyortizmagallanes.com\/ebooks\/wp-json\/wp\/v2\/types\/page"}],"author":[{"embeddable":true,"href":"https:\/\/freddyortizmagallanes.com\/ebooks\/wp-json\/wp\/v2\/users\/1"}],"replies":[{"embeddable":true,"href":"https:\/\/freddyortizmagallanes.com\/ebooks\/wp-json\/wp\/v2\/comments?post=61"}],"version-history":[{"count":6,"href":"https:\/\/freddyortizmagallanes.com\/ebooks\/wp-json\/wp\/v2\/pages\/61\/revisions"}],"predecessor-version":[{"id":81,"href":"https:\/\/freddyortizmagallanes.com\/ebooks\/wp-json\/wp\/v2\/pages\/61\/revisions\/81"}],"wp:attachment":[{"href":"https:\/\/freddyortizmagallanes.com\/ebooks\/wp-json\/wp\/v2\/media?parent=61"}],"curies":[{"name":"wp","href":"https:\/\/api.w.org\/{rel}","templated":true}]}}